{"id":63,"date":"2023-06-24T14:32:35","date_gmt":"2023-06-24T05:32:35","guid":{"rendered":"https:\/\/bictree-group.com\/?page_id=63"},"modified":"2023-10-26T21:34:52","modified_gmt":"2023-10-26T12:34:52","slug":"top","status":"publish","type":"page","link":"https:\/\/bictree-group.com\/","title":{"rendered":"\u30c8\u30c3\u30d7\u30da\u30fc\u30b8"},"content":{"rendered":"\n<figure class=\"wp-block-image aligncenter size-medium is-resized animated fadeInUp delay-200ms vk_block-margin-0--margin-bottom\"><img loading=\"lazy\" decoding=\"async\" width=\"300\" height=\"67\" src=\"https:\/\/bictree-group.com\/wp-content\/uploads\/2023\/06\/\u540d\u79f0\u672a\u8a2d\u5b9a-1000-\u00d7-500-px-1000-\u00d7-250-px-1000-\u00d7-200-px-900-\u00d7-200-px-300x67.png\" alt=\"\" class=\"wp-image-136\" style=\"width:140px\" srcset=\"https:\/\/bictree-group.com\/wp-content\/uploads\/2023\/06\/\u540d\u79f0\u672a\u8a2d\u5b9a-1000-\u00d7-500-px-1000-\u00d7-250-px-1000-\u00d7-200-px-900-\u00d7-200-px-300x67.png 300w, https:\/\/bictree-group.com\/wp-content\/uploads\/2023\/06\/\u540d\u79f0\u672a\u8a2d\u5b9a-1000-\u00d7-500-px-1000-\u00d7-250-px-1000-\u00d7-200-px-900-\u00d7-200-px-768x171.png 768w, https:\/\/bictree-group.com\/wp-content\/uploads\/2023\/06\/\u540d\u79f0\u672a\u8a2d\u5b9a-1000-\u00d7-500-px-1000-\u00d7-250-px-1000-\u00d7-200-px-900-\u00d7-200-px.png 900w\" sizes=\"auto, (max-width: 300px) 100vw, 300px\" \/><\/figure>\n\n\n\n<h2 class=\"wp-block-heading has-text-align-center is-style-vk-heading-plain vk_block-margin-0--margin-top\">\u30b3\u30f3\u30bb\u30d7\u30c8<\/h2>\n\n\n\n<div class=\"wp-block-columns is-layout-flex wp-container-core-columns-is-layout-28f84493 wp-block-columns-is-layout-flex\">\n<div class=\"wp-block-column is-layout-flow wp-block-column-is-layout-flow\">\n<figure class=\"wp-block-image size-large animated fadeInUp delay-200ms\"><img loading=\"lazy\" decoding=\"async\" width=\"1024\" height=\"683\" src=\"http:\/\/bictree-group.com\/wp-content\/uploads\/2023\/10\/im3rd-media-FJZtZldA-uE-unsplash-scaled-1-1024x683.jpg\" alt=\"\" class=\"wp-image-300\" srcset=\"https:\/\/bictree-group.com\/wp-content\/uploads\/2023\/10\/im3rd-media-FJZtZldA-uE-unsplash-scaled-1-1024x683.jpg 1024w, https:\/\/bictree-group.com\/wp-content\/uploads\/2023\/10\/im3rd-media-FJZtZldA-uE-unsplash-scaled-1-300x200.jpg 300w, https:\/\/bictree-group.com\/wp-content\/uploads\/2023\/10\/im3rd-media-FJZtZldA-uE-unsplash-scaled-1-768x512.jpg 768w, https:\/\/bictree-group.com\/wp-content\/uploads\/2023\/10\/im3rd-media-FJZtZldA-uE-unsplash-scaled-1-1536x1024.jpg 1536w, https:\/\/bictree-group.com\/wp-content\/uploads\/2023\/10\/im3rd-media-FJZtZldA-uE-unsplash-scaled-1-2048x1366.jpg 2048w\" sizes=\"auto, (max-width: 1024px) 100vw, 1024px\" \/><\/figure>\n<\/div>\n\n\n\n<div class=\"wp-block-column is-layout-flow wp-block-column-is-layout-flow\">\n<figure class=\"wp-block-image size-large animated fadeInUp delay-100ms\"><img loading=\"lazy\" decoding=\"async\" width=\"1024\" height=\"683\" src=\"http:\/\/bictree-group.com\/wp-content\/uploads\/2023\/10\/brick-wall-gd2598e88a_1920-1-1-1024x683.jpg\" alt=\"\" class=\"wp-image-298\" srcset=\"https:\/\/bictree-group.com\/wp-content\/uploads\/2023\/10\/brick-wall-gd2598e88a_1920-1-1-1024x683.jpg 1024w, https:\/\/bictree-group.com\/wp-content\/uploads\/2023\/10\/brick-wall-gd2598e88a_1920-1-1-300x200.jpg 300w, https:\/\/bictree-group.com\/wp-content\/uploads\/2023\/10\/brick-wall-gd2598e88a_1920-1-1-768x512.jpg 768w, https:\/\/bictree-group.com\/wp-content\/uploads\/2023\/10\/brick-wall-gd2598e88a_1920-1-1-1536x1024.jpg 1536w, https:\/\/bictree-group.com\/wp-content\/uploads\/2023\/10\/brick-wall-gd2598e88a_1920-1-1.jpg 1920w\" sizes=\"auto, (max-width: 1024px) 100vw, 1024px\" \/><\/figure>\n<\/div>\n<\/div>\n\n\n\n<p><\/p>\n\n\n\n<div class=\"wp-block-vk-blocks-spacer vk_spacer\"><div class=\"vk_spacer-display-pc\" style=\"margin-top:50px\"><\/div><div class=\"vk_spacer-display-tablet\" style=\"margin-top:30px\"><\/div><div class=\"vk_spacer-display-mobile\" style=\"margin-top:1px\"><\/div><\/div>\n\n\n\n<h3 class=\"wp-block-heading has-text-align-center is-style-vk-heading-plain\">\u65e5\u3005\u306e\u751f\u6d3b\u3092\u8c4a\u304b\u306b<\/h3>\n\n\n\n<p class=\"has-text-align-left concept-text\" style=\"line-height:2\">\u304a\u5ba2\u69d8\u672c\u4f4d\u306e\u4fa1\u5024\u3042\u308b\u30b5\u30fc\u30d3\u30b9\u3092\u5275\u51fa\u3057\u3064\u3065\u3051\u3001\u751f\u6d3b\u8005\u8996\u70b9\u306e\u65b0\u3057\u3044\u4fa1\u5024\u3092\u63d0\u4f9b\u3057\u3001\u65e5\u3005\u306e\u751f\u6d3b\u3092\u8c4a\u304b\u306b\u3057\u307e\u3059\u3002<br>\u5c45\u4f4f\u7a7a\u9593\u3084\u4f5c\u696d\u30b9\u30da\u30fc\u30b9\u3092\u5feb\u9069\u306a\u7a7a\u9593\u306b\u3059\u308b\u3053\u3068\u3067\u3001\u5fc3\u5730\u3088\u3044\u3072\u3068\u6642\u3092\u5473\u308f\u3063\u3066\u307b\u3057\u3044\u3002<br>\u682a\u5f0f\u4f1a\u793eBic tree\u306f\u305d\u3093\u306a\u601d\u3044\u304b\u3089\u3067\u304d\u307e\u3057\u305f\u3002<\/p>\n\n\n\n<div style=\"height:100px\" aria-hidden=\"true\" class=\"wp-block-spacer\"><\/div>\n\n\n\n<figure class=\"wp-block-image aligncenter size-full is-resized animated fadeInUp vk_block-margin-0--margin-bottom\"><img loading=\"lazy\" decoding=\"async\" width=\"1000\" height=\"100\" src=\"http:\/\/bictree-group.com\/wp-content\/uploads\/2023\/06\/\u540d\u79f0\u672a\u8a2d\u5b9a-1000-\u00d7-500-px-1000-\u00d7-250-px-1000-\u00d7-200-px-900-\u00d7-200-px-1000-\u00d7-100-px.png\" alt=\"\" class=\"wp-image-145\" style=\"width:500px;height:50px\" srcset=\"https:\/\/bictree-group.com\/wp-content\/uploads\/2023\/06\/\u540d\u79f0\u672a\u8a2d\u5b9a-1000-\u00d7-500-px-1000-\u00d7-250-px-1000-\u00d7-200-px-900-\u00d7-200-px-1000-\u00d7-100-px.png 1000w, https:\/\/bictree-group.com\/wp-content\/uploads\/2023\/06\/\u540d\u79f0\u672a\u8a2d\u5b9a-1000-\u00d7-500-px-1000-\u00d7-250-px-1000-\u00d7-200-px-900-\u00d7-200-px-1000-\u00d7-100-px-300x30.png 300w, https:\/\/bictree-group.com\/wp-content\/uploads\/2023\/06\/\u540d\u79f0\u672a\u8a2d\u5b9a-1000-\u00d7-500-px-1000-\u00d7-250-px-1000-\u00d7-200-px-900-\u00d7-200-px-1000-\u00d7-100-px-768x77.png 768w\" sizes=\"auto, (max-width: 1000px) 100vw, 1000px\" \/><\/figure>\n\n\n\n<h2 class=\"wp-block-heading has-text-align-center is-style-vk-heading-plain vk_block-margin-0--margin-top\">\u4e8b\u696d\u5185\u5bb9<\/h2>\n\n\n\n<div class=\"wp-block-columns is-layout-flex wp-container-core-columns-is-layout-28f84493 wp-block-columns-is-layout-flex\">\n<div class=\"wp-block-column is-layout-flow wp-block-column-is-layout-flow\">\n<figure class=\"wp-block-image aligncenter size-full animated fadeInUp delay-500ms\"><img loading=\"lazy\" decoding=\"async\" width=\"300\" height=\"200\" src=\"http:\/\/bictree-group.com\/wp-content\/uploads\/2023\/10\/geometric-photography-r6y4iGxmYMk-unsplash-300x200-1.jpg\" alt=\"\" class=\"wp-image-296\"\/><\/figure>\n\n\n\n<p class=\"has-text-align-center\">\u5e97\u8217\u5de5\u4e8b\u4e00\u5f0f<\/p>\n\n\n\n<p class=\"has-small-font-size\">\u98f2\u98df\u5e97\u304b\u3089\u65c5\u884c\u4ee3\u7406\u5e97\u307e\u3067\u3055\u307e\u3056\u307e\u306a\u30cb\u30fc\u30ba\u306b\u5bfe\u5fdc\u3044\u305f\u3057\u307e\u3059\u3002<\/p>\n<\/div>\n\n\n\n<div class=\"wp-block-column is-layout-flow wp-block-column-is-layout-flow\">\n<figure class=\"wp-block-image aligncenter size-full animated fadeInUp delay-200ms\"><img loading=\"lazy\" decoding=\"async\" width=\"300\" height=\"200\" src=\"http:\/\/bictree-group.com\/wp-content\/uploads\/2023\/10\/ralph-ravi-kayden-MyeOnGcibCQ-unsplash-300x200-1.jpg\" alt=\"\" class=\"wp-image-295\"\/><\/figure>\n\n\n\n<p class=\"has-text-align-center\">\u4f4f\u5b85\u30ea\u30d5\u30a9\u30fc\u30e0\u4e00\u5f0f<\/p>\n\n\n\n<p class=\"has-small-font-size\">\u304a\u5ba2\u69d8\u304b\u3089\u306e\u3054\u4f9d\u983c\u306b\u30d5\u30ec\u30ad\u30b7\u30d6\u30eb\u306a\u5bfe\u5fdc\u3067\u7406\u60f3\u3092\u5b9f\u73fe\u3057\u307e\u3059\u3002<\/p>\n<\/div>\n\n\n\n<div class=\"wp-block-column is-layout-flow wp-block-column-is-layout-flow\">\n<figure class=\"wp-block-image aligncenter size-full animated fadeInUp delay-100ms\"><img loading=\"lazy\" decoding=\"async\" width=\"300\" height=\"199\" src=\"http:\/\/bictree-group.com\/wp-content\/uploads\/2023\/10\/terry-vlisidis-WsEbnsnKbUE-unsplash-300x199-1.jpg\" alt=\"\" class=\"wp-image-274\" style=\"object-fit:cover\"\/><\/figure>\n\n\n\n<p class=\"has-text-align-center\">\u96fb\u6c17\u5de5\u4e8b\u4e00\u5f0f<\/p>\n\n\n\n<p class=\"has-small-font-size\">\u6700\u65b0\u96fb\u6c17\u5668\u5177\u3092\u7528\u3044\u3066\u3001\u6700\u5148\u7aef\u3067\u30b9\u30bf\u30a4\u30ea\u30c3\u30b7\u30e5\u306a\u7a7a\u9593\u3092\u6f14\u51fa\u3057\u307e\u3059\u3002<\/p>\n<\/div>\n<\/div>\n\n\n\n<div class=\"wp-block-buttons is-content-justification-center is-layout-flex wp-container-core-buttons-is-layout-a89b3969 wp-block-buttons-is-layout-flex\">\n<div class=\"wp-block-button\"><a class=\"wp-block-button__link has-text-align-center wp-element-button\" href=\"https:\/\/bictree-group.com\/?page_id=68\">\u4e8b\u696d\u5185\u5bb9\u4e00\u89a7<\/a><\/div>\n<\/div>\n\n\n\n<div style=\"height:100px\" aria-hidden=\"true\" class=\"wp-block-spacer\"><\/div>\n\n\n\n<div class=\"wp-block-cover alignfull has-parallax\"><span aria-hidden=\"true\" class=\"wp-block-cover__background has-black-background-color has-background-dim-40 has-background-dim\"><\/span><div role=\"img\" class=\"wp-block-cover__image-background wp-image-37 has-parallax\" style=\"background-position:50% 50%;background-image:url(http:\/\/bictree-group.com\/wp-content\/uploads\/2023\/06\/Default_big_treecenterweb_siteLots_of_Leavesdistant_viewfanEle_0-1.jpg)\"><\/div><div class=\"wp-block-cover__inner-container is-layout-flow wp-block-cover-is-layout-flow\">\n<h2 class=\"wp-block-heading has-text-align-center is-style-vk-heading-plain has-large-font-size\">\u4f1a\u793e\u7406\u5ff5<\/h2>\n\n\n\n<p class=\"has-text-align-center company-text\">Bictree\u306f \u300e\u610f\u300f\u300e\u4ed5\u300f\u300e\u559c\u300f\u3092\u30e2\u30c3\u30c8\u30fc\u306b\u3057\u3066\u304a\u308a\u307e\u3059\u3002<\/p>\n\n\n\n<p class=\"has-text-align-center company-text\">\u610f\u898b\u3092\u5927\u4e8b\u306b\u4ed5\u4e8b\u306b\u53d6\u7d44\u307f\u559c\u3070\u305b\u308b\u3002 \u304a\u5ba2\u69d8\u306e\u559c\u3073\u306f\u79c1\u305f\u3061\u306e\u559c\u3073\u3067\u3059\u3002<\/p>\n\n\n\n<div style=\"height:50px\" aria-hidden=\"true\" class=\"wp-block-spacer\"><\/div>\n\n\n\n<div class=\"wp-block-buttons is-content-justification-center is-layout-flex wp-container-core-buttons-is-layout-a89b3969 wp-block-buttons-is-layout-flex\">\n<div class=\"wp-block-button is-style-outline is-style-outline--1\"><a class=\"wp-block-button__link wp-element-button\" href=\"https:\/\/bictree-group.com\/?page_id=70\" style=\"border-radius:53px;padding-top:var(--wp--preset--spacing--30);padding-right:var(--wp--preset--spacing--30);padding-bottom:var(--wp--preset--spacing--30);padding-left:var(--wp--preset--spacing--30)\">\u4f1a\u793e\u6982\u8981\u8a73\u7d30\u30da\u30fc\u30b8<\/a><\/div>\n<\/div>\n<\/div><\/div>\n\n\n\n<div class=\"wp-block-vk-blocks-spacer vk_spacer\"><div class=\"vk_spacer-display-pc\" style=\"margin-top:100px\"><\/div><div class=\"vk_spacer-display-tablet\" style=\"margin-top:70px\"><\/div><div class=\"vk_spacer-display-mobile\" style=\"margin-top:40px\"><\/div><\/div>\n\n\n\n<figure class=\"wp-block-image aligncenter size-full is-resized animated fadeInUp delay-200ms vk_block-margin-0--margin-bottom\"><img loading=\"lazy\" decoding=\"async\" width=\"1000\" height=\"100\" src=\"http:\/\/bictree-group.com\/wp-content\/uploads\/2023\/06\/\u540d\u79f0\u672a\u8a2d\u5b9a-1000-\u00d7-500-px-1000-\u00d7-250-px-1000-\u00d7-200-px-900-\u00d7-200-px-1000-\u00d7-100-px-1.png\" alt=\"\" class=\"wp-image-158\" style=\"width:750px;height:75px\" srcset=\"https:\/\/bictree-group.com\/wp-content\/uploads\/2023\/06\/\u540d\u79f0\u672a\u8a2d\u5b9a-1000-\u00d7-500-px-1000-\u00d7-250-px-1000-\u00d7-200-px-900-\u00d7-200-px-1000-\u00d7-100-px-1.png 1000w, https:\/\/bictree-group.com\/wp-content\/uploads\/2023\/06\/\u540d\u79f0\u672a\u8a2d\u5b9a-1000-\u00d7-500-px-1000-\u00d7-250-px-1000-\u00d7-200-px-900-\u00d7-200-px-1000-\u00d7-100-px-1-300x30.png 300w, https:\/\/bictree-group.com\/wp-content\/uploads\/2023\/06\/\u540d\u79f0\u672a\u8a2d\u5b9a-1000-\u00d7-500-px-1000-\u00d7-250-px-1000-\u00d7-200-px-900-\u00d7-200-px-1000-\u00d7-100-px-1-768x77.png 768w\" sizes=\"auto, (max-width: 1000px) 100vw, 1000px\" \/><\/figure>\n\n\n\n<h2 class=\"wp-block-heading has-text-align-center is-style-vk-heading-plain vk_block-margin-0--margin-top\">\u304a\u77e5\u3089\u305b<\/h2>\n\n\n<ul class=\"wp-block-latest-posts__list is-grid columns-3 has-dates wp-block-latest-posts\"><\/ul>\n\n\n<div class=\"wp-block-buttons is-content-justification-center is-layout-flex wp-container-core-buttons-is-layout-a89b3969 wp-block-buttons-is-layout-flex\">\n<div class=\"wp-block-button\"><a class=\"wp-block-button__link wp-element-button\" href=\"https:\/\/bictree-group.com\/?page_id=65\">\u304a\u77e5\u3089\u305b\u4e00\u89a7<\/a><\/div>\n<\/div>\n\n\n\n<div class=\"wp-block-vk-blocks-spacer vk_spacer\"><div class=\"vk_spacer-display-pc\" style=\"margin-top:100px\"><\/div><div class=\"vk_spacer-display-tablet\" style=\"margin-top:70px\"><\/div><div class=\"vk_spacer-display-mobile\" style=\"margin-top:40px\"><\/div><\/div>\n\n\n\n<figure class=\"wp-block-image aligncenter size-full is-resized animated fadeInUp delay-200ms vk_block-margin-0--margin-bottom\"><img loading=\"lazy\" decoding=\"async\" width=\"1000\" height=\"100\" src=\"http:\/\/bictree-group.com\/wp-content\/uploads\/2023\/06\/\u540d\u79f0\u672a\u8a2d\u5b9a-1000-\u00d7-500-px-1000-\u00d7-250-px-1000-\u00d7-200-px-900-\u00d7-200-px-1000-\u00d7-100-px-2.png\" alt=\"\" class=\"wp-image-164\" style=\"width:750px;height:75px\" srcset=\"https:\/\/bictree-group.com\/wp-content\/uploads\/2023\/06\/\u540d\u79f0\u672a\u8a2d\u5b9a-1000-\u00d7-500-px-1000-\u00d7-250-px-1000-\u00d7-200-px-900-\u00d7-200-px-1000-\u00d7-100-px-2.png 1000w, https:\/\/bictree-group.com\/wp-content\/uploads\/2023\/06\/\u540d\u79f0\u672a\u8a2d\u5b9a-1000-\u00d7-500-px-1000-\u00d7-250-px-1000-\u00d7-200-px-900-\u00d7-200-px-1000-\u00d7-100-px-2-300x30.png 300w, https:\/\/bictree-group.com\/wp-content\/uploads\/2023\/06\/\u540d\u79f0\u672a\u8a2d\u5b9a-1000-\u00d7-500-px-1000-\u00d7-250-px-1000-\u00d7-200-px-900-\u00d7-200-px-1000-\u00d7-100-px-2-768x77.png 768w\" sizes=\"auto, (max-width: 1000px) 100vw, 1000px\" \/><\/figure>\n\n\n\n<h2 class=\"wp-block-heading has-text-align-center is-style-vk-heading-plain vk_block-margin-0--margin-top\" id=\"access\">\u30a2\u30af\u30bb\u30b9<\/h2>\n\n\n\n<div class=\"wp-block-columns is-layout-flex wp-container-core-columns-is-layout-28f84493 wp-block-columns-is-layout-flex\">\n<div class=\"wp-block-column animated fadeInUp delay-200ms is-layout-flow wp-block-column-is-layout-flow\">\n<iframe src=\"https:\/\/www.google.com\/maps\/embed?pb=!1m18!1m12!1m3!1d3058.706828759578!2d135.4410975586778!3d34.50992126388096!2m3!1f0!2f0!3f0!3m2!1i1024!2i768!4f13.1!3m3!1m2!1s0x6000c52ec0158557%3A0x66e48f14c58cecb4!2z44CSNTk0LTAwMDMg5aSn6Ziq5bqc5ZKM5rOJ5biC5aSq55S677yS77yR77yW4oiS77yR77yT!5e0!3m2!1sja!2sjp!4v1688133938566!5m2!1sja!2sjp\" width=\"600\" height=\"450\" style=\"border:0;\" allowfullscreen=\"\" loading=\"lazy\" referrerpolicy=\"no-referrer-when-downgrade\"><\/iframe>\n<\/div>\n\n\n\n<div class=\"wp-block-column is-layout-flow wp-block-column-is-layout-flow\">\n<figure class=\"wp-block-table\"><table><tbody><tr><td class=\"has-text-align-center\" data-align=\"center\">\u4f4f\u6240<\/td><td>\u5927\u962a\u5e9c\u548c\u6cc9\u5e02\u592a\u753a216\u756a\u573013\u53f7<\/td><\/tr><tr><td class=\"has-text-align-center\" data-align=\"center\">TEL\/FAX<\/td><td>0725-40-3558 \/ 0725-40-3559<\/td><\/tr><tr><td class=\"has-text-align-center\" data-align=\"center\">\u30a2\u30af\u30bb\u30b9<\/td><td>JR\u962a\u548c\u7dda\u5317\u4fe1\u592a\u99c5\u3088\u308a\u5f92\u6b695\u5206<\/td><\/tr><\/tbody><\/table><\/figure>\n<\/div>\n<\/div>\n","protected":false},"excerpt":{"rendered":"<p>\u30b3\u30f3\u30bb\u30d7\u30c8 \u65e5\u3005\u306e\u751f\u6d3b\u3092\u8c4a\u304b\u306b \u304a\u5ba2\u69d8\u672c\u4f4d\u306e\u4fa1\u5024\u3042\u308b\u30b5\u30fc\u30d3\u30b9\u3092\u5275\u51fa\u3057\u3064\u3065\u3051\u3001\u751f\u6d3b\u8005\u8996\u70b9\u306e\u65b0\u3057\u3044\u4fa1\u5024\u3092\u63d0\u4f9b\u3057\u3001\u65e5\u3005\u306e\u751f\u6d3b\u3092\u8c4a\u304b\u306b\u3057\u307e\u3059\u3002\u5c45\u4f4f\u7a7a\u9593\u3084\u4f5c\u696d\u30b9\u30da\u30fc\u30b9\u3092\u5feb\u9069\u306a\u7a7a\u9593\u306b\u3059\u308b\u3053\u3068\u3067\u3001\u5fc3\u5730\u3088\u3044\u3072\u3068\u6642\u3092\u5473\u308f\u3063\u3066\u307b\u3057\u3044\u3002\u682a\u5f0f\u4f1a [&hellip;]<\/p>\n","protected":false},"author":1,"featured_media":0,"parent":0,"menu_order":0,"comment_status":"closed","ping_status":"closed","template":"","meta":{"vkexunit_cta_each_option":"","footnotes":""},"class_list":["post-63","page","type-page","status-publish","hentry"],"_links":{"self":[{"href":"https:\/\/bictree-group.com\/index.php?rest_route=\/wp\/v2\/pages\/63","targetHints":{"allow":["GET"]}}],"collection":[{"href":"https:\/\/bictree-group.com\/index.php?rest_route=\/wp\/v2\/pages"}],"about":[{"href":"https:\/\/bictree-group.com\/index.php?rest_route=\/wp\/v2\/types\/page"}],"author":[{"embeddable":true,"href":"https:\/\/bictree-group.com\/index.php?rest_route=\/wp\/v2\/users\/1"}],"replies":[{"embeddable":true,"href":"https:\/\/bictree-group.com\/index.php?rest_route=%2Fwp%2Fv2%2Fcomments&post=63"}],"version-history":[{"count":13,"href":"https:\/\/bictree-group.com\/index.php?rest_route=\/wp\/v2\/pages\/63\/revisions"}],"predecessor-version":[{"id":334,"href":"https:\/\/bictree-group.com\/index.php?rest_route=\/wp\/v2\/pages\/63\/revisions\/334"}],"wp:attachment":[{"href":"https:\/\/bictree-group.com\/index.php?rest_route=%2Fwp%2Fv2%2Fmedia&parent=63"}],"curies":[{"name":"wp","href":"https:\/\/api.w.org\/{rel}","templated":true}]}}